{"id":173,"date":"2024-11-05T21:54:11","date_gmt":"2024-11-05T20:54:11","guid":{"rendered":"http:\/\/www.lesateliersandcie.fr\/?page_id=173"},"modified":"2025-03-17T22:36:03","modified_gmt":"2025-03-17T21:36:03","slug":"les-ateliers-et-cours-permanents","status":"publish","type":"page","link":"https:\/\/www.lesateliersandcie.fr\/index.php\/les-ateliers-et-cours-permanents\/","title":{"rendered":"Les Ateliers et cours permanents"},"content":{"rendered":"\t\t<div data-elementor-type=\"wp-page\" data-elementor-id=\"173\" class=\"elementor elementor-173\" data-elementor-post-type=\"page\">\n\t\t\t\t<div class=\"elementor-element elementor-element-d1fbc61 e-flex e-con-boxed e-con e-parent\" data-id=\"d1fbc61\" data-element_type=\"container\" data-e-type=\"container\">\n\t\t\t\t\t<div class=\"e-con-inner\">\n\t\t\t\t\t<\/div>\n\t\t\t\t<\/div>\n\t\t<div class=\"elementor-element elementor-element-ab8ee2a e-grid e-con-boxed e-con e-parent\" data-id=\"ab8ee2a\" data-element_type=\"container\" data-e-type=\"container\">\n\t\t\t\t\t<div class=\"e-con-inner\">\n\t\t\t\t<div class=\"elementor-element elementor-element-f8da8c7 elementor-widget elementor-widget-image\" data-id=\"f8da8c7\" data-element_type=\"widget\" data-e-type=\"widget\" data-widget_type=\"image.default\">\n\t\t\t\t<div class=\"elementor-widget-container\">\n\t\t\t\t\t\t\t\t\t\t\t\t\t\t\t<img fetchpriority=\"high\" decoding=\"async\" width=\"960\" height=\"548\" src=\"https:\/\/www.lesateliersandcie.fr\/wp-content\/uploads\/2024\/09\/AdobeStock_955268231-1024x585.jpeg\" class=\"attachment-large size-large wp-image-126\" alt=\"\" srcset=\"https:\/\/www.lesateliersandcie.fr\/wp-content\/uploads\/2024\/09\/AdobeStock_955268231-1024x585.jpeg 1024w, https:\/\/www.lesateliersandcie.fr\/wp-content\/uploads\/2024\/09\/AdobeStock_955268231-300x171.jpeg 300w, https:\/\/www.lesateliersandcie.fr\/wp-content\/uploads\/2024\/09\/AdobeStock_955268231-768x439.jpeg 768w, https:\/\/www.lesateliersandcie.fr\/wp-content\/uploads\/2024\/09\/AdobeStock_955268231-1536x878.jpeg 1536w, https:\/\/www.lesateliersandcie.fr\/wp-content\/uploads\/2024\/09\/AdobeStock_955268231-2048x1170.jpeg 2048w, https:\/\/www.lesateliersandcie.fr\/wp-content\/uploads\/2024\/09\/AdobeStock_955268231-1140x651.jpeg 1140w\" sizes=\"(max-width: 960px) 100vw, 960px\" \/>\t\t\t\t\t\t\t\t\t\t\t\t\t\t\t<\/div>\n\t\t\t\t<\/div>\n\t\t\t\t<div class=\"elementor-element elementor-element-3ead4f0 elementor-widget elementor-widget-text-editor\" data-id=\"3ead4f0\" data-element_type=\"widget\" data-e-type=\"widget\" data-widget_type=\"text-editor.default\">\n\t\t\t\t<div class=\"elementor-widget-container\">\n\t\t\t\t\t\t\t\t\t<p>Retrouvez-nos ateliers et nos cours hebdomadaires. \u00a0<\/p><p>Tous les mardis et Mercredis prenez 2h de cours hebdomadaire pour vous initier \u00e0 l&#8217;art du tour de potier.<\/p><p>Mardi 9h30 \/ 15h30 ou 18h30<\/p><p>Mercredi 9h00 \/ 15h30 \/ 17h30 \/ 19h30<\/p><p>Maitriser l&#8217;art du tournage, tournasage et \u00e9maillage.<\/p><p>Plus d&#8217;infos Cliquer <a href=\"https:\/\/forms.gle\/eTjcPZWFwuzctGjt6\">ici.<\/a><\/p>\t\t\t\t\t\t\t\t<\/div>\n\t\t\t\t<\/div>\n\t\t\t\t\t<\/div>\n\t\t\t\t<\/div>\n\t\t<div class=\"elementor-element elementor-element-609f9ce e-grid e-con-boxed e-con e-parent\" data-id=\"609f9ce\" data-element_type=\"container\" data-e-type=\"container\">\n\t\t\t\t\t<div class=\"e-con-inner\">\n\t\t\t\t<div class=\"elementor-element elementor-element-6313e9c elementor-widget elementor-widget-text-editor\" data-id=\"6313e9c\" data-element_type=\"widget\" data-e-type=\"widget\" data-widget_type=\"text-editor.default\">\n\t\t\t\t<div class=\"elementor-widget-container\">\n\t\t\t\t\t\t\t\t\t<p>Envie d&#8217;apprendre \u00e0 coudre.\u00a0<\/p><p>Venez apprendre a vous servir de votre machine a coudre et r\u00e9alis\u00e9 le projet que vous souhaitez, Sac banane, sac cabas, pochette \u00e0 livre, doudou&#8230; \u00a0<\/p><p>\u00a0<\/p>\t\t\t\t\t\t\t\t<\/div>\n\t\t\t\t<\/div>\n\t\t\t\t<div class=\"elementor-element elementor-element-8385c60 elementor-widget elementor-widget-image\" data-id=\"8385c60\" data-element_type=\"widget\" data-e-type=\"widget\" data-widget_type=\"image.default\">\n\t\t\t\t<div class=\"elementor-widget-container\">\n\t\t\t\t\t\t\t\t\t\t\t\t\t\t\t<img decoding=\"async\" width=\"960\" height=\"640\" src=\"https:\/\/www.lesateliersandcie.fr\/wp-content\/uploads\/2024\/09\/CHRISTELLE-DAVAREND-COUTURE-23-1024x683.jpg\" class=\"attachment-large size-large wp-image-144\" alt=\"\" srcset=\"https:\/\/www.lesateliersandcie.fr\/wp-content\/uploads\/2024\/09\/CHRISTELLE-DAVAREND-COUTURE-23-1024x683.jpg 1024w, https:\/\/www.lesateliersandcie.fr\/wp-content\/uploads\/2024\/09\/CHRISTELLE-DAVAREND-COUTURE-23-300x200.jpg 300w, https:\/\/www.lesateliersandcie.fr\/wp-content\/uploads\/2024\/09\/CHRISTELLE-DAVAREND-COUTURE-23-768x512.jpg 768w, https:\/\/www.lesateliersandcie.fr\/wp-content\/uploads\/2024\/09\/CHRISTELLE-DAVAREND-COUTURE-23-1536x1024.jpg 1536w, https:\/\/www.lesateliersandcie.fr\/wp-content\/uploads\/2024\/09\/CHRISTELLE-DAVAREND-COUTURE-23-2048x1365.jpg 2048w, https:\/\/www.lesateliersandcie.fr\/wp-content\/uploads\/2024\/09\/CHRISTELLE-DAVAREND-COUTURE-23-1140x760.jpg 1140w\" sizes=\"(max-width: 960px) 100vw, 960px\" \/>\t\t\t\t\t\t\t\t\t\t\t\t\t\t\t<\/div>\n\t\t\t\t<\/div>\n\t\t\t\t\t<\/div>\n\t\t\t\t<\/div>\n\t\t\t\t<\/div>\n\t\t","protected":false},"excerpt":{"rendered":"<p>Retrouvez-nos ateliers et nos cours hebdomadaires. \u00a0 Tous les mardis et Mercredis prenez 2h de cours hebdomadaire pour vous initier \u00e0 l&#8217;art du tour de potier. Mardi 9h30 \/ 15h30 ou 18h30 Mercredi 9h00 \/ 15h30 \/ 17h30 \/ 19h30 Maitriser l&#8217;art du tournage, tournasage et \u00e9maillage. Plus d&#8217;infos Cliquer ici. Envie d&#8217;apprendre \u00e0 coudre.\u00a0 Venez apprendre a vous servir de votre machine a coudre et r\u00e9alis\u00e9 le projet que vous souhaitez, Sac banane, sac cabas, pochette \u00e0 livre, doudou&#8230; \u00a0 \u00a0<\/p>\n","protected":false},"author":1,"featured_media":0,"parent":0,"menu_order":0,"comment_status":"closed","ping_status":"closed","template":"","meta":{"footnotes":""},"class_list":["post-173","page","type-page","status-publish","hentry"],"_links":{"self":[{"href":"https:\/\/www.lesateliersandcie.fr\/index.php\/wp-json\/wp\/v2\/pages\/173","targetHints":{"allow":["GET"]}}],"collection":[{"href":"https:\/\/www.lesateliersandcie.fr\/index.php\/wp-json\/wp\/v2\/pages"}],"about":[{"href":"https:\/\/www.lesateliersandcie.fr\/index.php\/wp-json\/wp\/v2\/types\/page"}],"author":[{"embeddable":true,"href":"https:\/\/www.lesateliersandcie.fr\/index.php\/wp-json\/wp\/v2\/users\/1"}],"replies":[{"embeddable":true,"href":"https:\/\/www.lesateliersandcie.fr\/index.php\/wp-json\/wp\/v2\/comments?post=173"}],"version-history":[{"count":10,"href":"https:\/\/www.lesateliersandcie.fr\/index.php\/wp-json\/wp\/v2\/pages\/173\/revisions"}],"predecessor-version":[{"id":216,"href":"https:\/\/www.lesateliersandcie.fr\/index.php\/wp-json\/wp\/v2\/pages\/173\/revisions\/216"}],"wp:attachment":[{"href":"https:\/\/www.lesateliersandcie.fr\/index.php\/wp-json\/wp\/v2\/media?parent=173"}],"curies":[{"name":"wp","href":"https:\/\/api.w.org\/{rel}","templated":true}]}}