{"id":187,"date":"2024-11-05T22:33:36","date_gmt":"2024-11-05T21:33:36","guid":{"rendered":"http:\/\/www.lesateliersandcie.fr\/?page_id=187"},"modified":"2024-11-05T22:38:45","modified_gmt":"2024-11-05T21:38:45","slug":"la-couture-o","status":"publish","type":"page","link":"https:\/\/www.lesateliersandcie.fr\/index.php\/la-couture-o\/","title":{"rendered":"LA COUTURE"},"content":{"rendered":"\t\t<div data-elementor-type=\"wp-page\" data-elementor-id=\"187\" class=\"elementor elementor-187\" data-elementor-post-type=\"page\">\n\t\t\t\t<div class=\"elementor-element elementor-element-38332a4 e-flex e-con-boxed e-con e-parent\" data-id=\"38332a4\" data-element_type=\"container\" data-e-type=\"container\">\n\t\t\t\t\t<div class=\"e-con-inner\">\n\t\t\t\t<div class=\"elementor-element elementor-element-786e76d elementor-widget elementor-widget-image\" data-id=\"786e76d\" data-element_type=\"widget\" data-e-type=\"widget\" data-widget_type=\"image.default\">\n\t\t\t\t<div class=\"elementor-widget-container\">\n\t\t\t\t\t\t\t\t\t\t\t\t\t\t\t<img fetchpriority=\"high\" decoding=\"async\" width=\"300\" height=\"249\" src=\"https:\/\/www.lesateliersandcie.fr\/wp-content\/uploads\/2024\/09\/logo_fsfc-copie-300x249.png\" class=\"attachment-medium size-medium wp-image-46\" alt=\"\" srcset=\"https:\/\/www.lesateliersandcie.fr\/wp-content\/uploads\/2024\/09\/logo_fsfc-copie-300x249.png 300w, https:\/\/www.lesateliersandcie.fr\/wp-content\/uploads\/2024\/09\/logo_fsfc-copie-768x637.png 768w, https:\/\/www.lesateliersandcie.fr\/wp-content\/uploads\/2024\/09\/logo_fsfc-copie.png 949w\" sizes=\"(max-width: 300px) 100vw, 300px\" \/>\t\t\t\t\t\t\t\t\t\t\t\t\t\t\t<\/div>\n\t\t\t\t<\/div>\n\t\t\t\t\t<\/div>\n\t\t\t\t<\/div>\n\t\t<div class=\"elementor-element elementor-element-64c604e e-flex e-con-boxed e-con e-parent\" data-id=\"64c604e\" data-element_type=\"container\" data-e-type=\"container\">\n\t\t\t\t\t<div class=\"e-con-inner\">\n\t\t\t\t<div class=\"elementor-element elementor-element-73efda5 elementor-widget elementor-widget-text-editor\" data-id=\"73efda5\" data-element_type=\"widget\" data-e-type=\"widget\" data-widget_type=\"text-editor.default\">\n\t\t\t\t<div class=\"elementor-widget-container\">\n\t\t\t\t\t\t\t\t\t<div id=\"m_6850208254765811210ydpd0d446d4comp-lzh1wbkv\">\n<h4>Tout commence par une transmission<\/h4>\n<\/div>\n<div id=\"m_6850208254765811210ydpd0d446d4comp-lzh213h0\">\n<p>Celle d\u2019une passion, d\u2019un savoir-faire, d\u2019un amour pour le fait main, du sens du d\u00e9tail, de la minutie&#8230; Cette transmission, je la dois \u00e0 ma m\u00e8re, couturi\u00e8re de m\u00e9tier, que j&#8217;ai eu \u00e0 c\u0153ur d&#8217;observer durant toute mon enfance.\u00a0<\/p>\n<p>un tr\u00e9sor que je cultive chaque jour et que j\u2019ai, \u00e0 mon tour, plaisir \u00e0 partager.\u00a0<\/p>\n<p>Vient ensuite le r\u00eave&#8230; celui de pouvoir exercer une activit\u00e9 \u00e9panouissante m\u00ealant cr\u00e9ativit\u00e9 et savoir-faire manuel, dans un objectif de consommer autrement.\u00a0<\/p>\n<p>J&#8217;ai cr\u00e9\u00e9e Fais si, Fais \u00e7a pour petits et grands r\u00eaveurs, avec l&#8217;envie de proposer des cr\u00e9ations uniques et personnalis\u00e9es.<\/p>\n<\/div>\t\t\t\t\t\t\t\t<\/div>\n\t\t\t\t<\/div>\n\t\t\t\t\t<\/div>\n\t\t\t\t<\/div>\n\t\t<div class=\"elementor-element elementor-element-fb059b1 e-grid e-con-boxed e-con e-parent\" data-id=\"fb059b1\" data-element_type=\"container\" data-e-type=\"container\">\n\t\t\t\t\t<div class=\"e-con-inner\">\n\t\t\t\t<div class=\"elementor-element elementor-element-d9f5a99 elementor-widget elementor-widget-image\" data-id=\"d9f5a99\" data-element_type=\"widget\" data-e-type=\"widget\" data-widget_type=\"image.default\">\n\t\t\t\t<div class=\"elementor-widget-container\">\n\t\t\t\t\t\t\t\t\t\t\t\t\t\t\t<img decoding=\"async\" width=\"960\" height=\"640\" src=\"https:\/\/www.lesateliersandcie.fr\/wp-content\/uploads\/2024\/09\/CHRISTELLE-DAVAREND-COUTURE-3-1024x683.jpg\" class=\"attachment-large size-large wp-image-140\" alt=\"\" srcset=\"https:\/\/www.lesateliersandcie.fr\/wp-content\/uploads\/2024\/09\/CHRISTELLE-DAVAREND-COUTURE-3-1024x683.jpg 1024w, https:\/\/www.lesateliersandcie.fr\/wp-content\/uploads\/2024\/09\/CHRISTELLE-DAVAREND-COUTURE-3-300x200.jpg 300w, https:\/\/www.lesateliersandcie.fr\/wp-content\/uploads\/2024\/09\/CHRISTELLE-DAVAREND-COUTURE-3-768x512.jpg 768w, https:\/\/www.lesateliersandcie.fr\/wp-content\/uploads\/2024\/09\/CHRISTELLE-DAVAREND-COUTURE-3-1536x1024.jpg 1536w, https:\/\/www.lesateliersandcie.fr\/wp-content\/uploads\/2024\/09\/CHRISTELLE-DAVAREND-COUTURE-3-2048x1365.jpg 2048w, https:\/\/www.lesateliersandcie.fr\/wp-content\/uploads\/2024\/09\/CHRISTELLE-DAVAREND-COUTURE-3-1140x760.jpg 1140w\" sizes=\"(max-width: 960px) 100vw, 960px\" \/>\t\t\t\t\t\t\t\t\t\t\t\t\t\t\t<\/div>\n\t\t\t\t<\/div>\n\t\t\t\t<div class=\"elementor-element elementor-element-b911be0 elementor-widget elementor-widget-text-editor\" data-id=\"b911be0\" data-element_type=\"widget\" data-e-type=\"widget\" data-widget_type=\"text-editor.default\">\n\t\t\t\t<div class=\"elementor-widget-container\">\n\t\t\t\t\t\t\t\t\t<p style=\"caret-color: #000000; background-image: none; background-position: 0% 0%; background-size: auto; background-repeat: repeat; background-attachment: scroll; background-origin: padding-box; background-clip: border-box; border: 0px; padding: 0px; vertical-align: baseline; pointer-events: auto; line-height: 1.88em; margin-block: 0px; margin-bottom: 0px; text-align: center;\"><span style=\"background-image: none; background-position: 0% 0%; background-size: auto; background-repeat: repeat; background-attachment: scroll; background-origin: padding-box; background-clip: border-box; border: 0px; margin: 0px; padding: 0px; vertical-align: top;\"><span style=\"background-image: none; background-position: 0% 0%; background-size: auto; background-repeat: repeat; background-attachment: scroll; background-origin: padding-box; background-clip: border-box; border: 0px; margin: 0px; padding: 0px; vertical-align: baseline; font-size: 18px;\"><span style=\"background-image: none; background-position: 0% 0%; background-size: auto; background-repeat: repeat; background-attachment: scroll; background-origin: padding-box; background-clip: border-box; border: 0px; margin: 0px; padding: 0px; vertical-align: baseline; font-family: bree-w01-thin-oblique, bree-w05-thin-oblique, sans-serif;\">Au rythme de mes coups de c\u0153ur et des envies de mes client(e)s, j&#8217;imagine et je confectionne des\u00a0<\/span><\/span><\/span><\/p>\n<p style=\"caret-color: #000000; background-image: none; background-position: 0% 0%; background-size: auto; background-repeat: repeat; background-attachment: scroll; background-origin: padding-box; background-clip: border-box; border: 0px; padding: 0px; vertical-align: baseline; pointer-events: auto; line-height: 1.88em; margin-block: 0px; margin-bottom: 0px; text-align: center;\"><span style=\"background-image: none; background-position: 0% 0%; background-size: auto; background-repeat: repeat; background-attachment: scroll; background-origin: padding-box; background-clip: border-box; border: 0px; margin: 0px; padding: 0px; vertical-align: top;\"><span style=\"background-image: none; background-position: 0% 0%; background-size: auto; background-repeat: repeat; background-attachment: scroll; background-origin: padding-box; background-clip: border-box; border: 0px; margin: 0px; padding: 0px; vertical-align: baseline; font-size: 18px;\"><span style=\"background-image: none; background-position: 0% 0%; background-size: auto; background-repeat: repeat; background-attachment: scroll; background-origin: padding-box; background-clip: border-box; border: 0px; margin: 0px; padding: 0px; vertical-align: baseline; font-family: bree-w01-thin-oblique, bree-w05-thin-oblique, sans-serif;\">accessoires pour les Petits et j&#8217;y apporte une attention particuli\u00e8re.<\/span><\/span><\/span><\/p>\n<p style=\"caret-color: #000000; background-image: none; background-position: 0% 0%; background-size: auto; background-repeat: repeat; background-attachment: scroll; background-origin: padding-box; background-clip: border-box; border: 0px; padding: 0px; vertical-align: baseline; pointer-events: auto; line-height: 1.88em; margin-block: 0px; margin-bottom: 0px; text-align: center;\"><span style=\"background-image: none; background-position: 0% 0%; background-size: auto; background-repeat: repeat; background-attachment: scroll; background-origin: padding-box; background-clip: border-box; border: 0px; margin: 0px; padding: 0px; vertical-align: top;\"><span style=\"background-image: none; background-position: 0% 0%; background-size: auto; background-repeat: repeat; background-attachment: scroll; background-origin: padding-box; background-clip: border-box; border: 0px; margin: 0px; padding: 0px; vertical-align: baseline; font-size: 18px;\"><span style=\"background-image: none; background-position: 0% 0%; background-size: auto; background-repeat: repeat; background-attachment: scroll; background-origin: padding-box; background-clip: border-box; border: 0px; margin: 0px; padding: 0px; vertical-align: baseline; font-family: bree-w01-thin-oblique, bree-w05-thin-oblique, sans-serif;\">Fait main dans mon atelier dans le Rh\u00f4ne.\u00a0<\/span><\/span><\/span><\/p>\n<p style=\"caret-color: #000000; background-image: none; background-position: 0% 0%; background-size: auto; background-repeat: repeat; background-attachment: scroll; background-origin: padding-box; background-clip: border-box; border: 0px; padding: 0px; vertical-align: baseline; pointer-events: auto; line-height: 1.88em; margin-block: 0px; margin-bottom: 0px; text-align: center;\"><span style=\"background-image: none; background-position: 0% 0%; background-size: auto; background-repeat: repeat; background-attachment: scroll; background-origin: padding-box; background-clip: border-box; border: 0px; margin: 0px; padding: 0px; vertical-align: top;\"><span style=\"background-image: none; background-position: 0% 0%; background-size: auto; background-repeat: repeat; background-attachment: scroll; background-origin: padding-box; background-clip: border-box; border: 0px; margin: 0px; padding: 0px; vertical-align: baseline; font-size: 18px;\"><span style=\"background-image: none; background-position: 0% 0%; background-size: auto; background-repeat: repeat; background-attachment: scroll; background-origin: padding-box; background-clip: border-box; border: 0px; margin: 0px; padding: 0px; vertical-align: baseline; font-family: bree-w01-thin-oblique, bree-w05-thin-oblique, sans-serif;\">La plupart de mes cr\u00e9ations sont personnalisables, vous pouvez personnaliser votre prot\u00e8ge carnet de sant\u00e9, tout comme une couverture avec le pr\u00e9nom de votre enfant.\u00a0<\/span><\/span><\/span><\/p>\n<p style=\"caret-color: #000000; background-image: none; background-position: 0% 0%; background-size: auto; background-repeat: repeat; background-attachment: scroll; background-origin: padding-box; background-clip: border-box; border: 0px; padding: 0px; vertical-align: baseline; pointer-events: auto; line-height: 1.88em; margin-block: 0px; margin-bottom: 0px; text-align: center;\"><span style=\"background-image: none; background-position: 0% 0%; background-size: auto; background-repeat: repeat; background-attachment: scroll; background-origin: padding-box; background-clip: border-box; border: 0px; margin: 0px; padding: 0px; vertical-align: top;\"><span style=\"background-image: none; background-position: 0% 0%; background-size: auto; background-repeat: repeat; background-attachment: scroll; background-origin: padding-box; background-clip: border-box; border: 0px; margin: 0px; padding: 0px; vertical-align: baseline; font-size: 18px;\"><span style=\"background-image: none; background-position: 0% 0%; background-size: auto; background-repeat: repeat; background-attachment: scroll; background-origin: padding-box; background-clip: border-box; border: 0px; margin: 0px; padding: 0px; vertical-align: baseline; font-family: bree-w01-thin-oblique, bree-w05-thin-oblique, sans-serif;\">Pour toutes demandes particuli\u00e8res, n&#8217;h\u00e9sitez pas \u00e0 me contacter.<\/span><\/span><\/span><\/p>\n<p style=\"caret-color: #000000; background-image: none; background-position: 0% 0%; background-size: auto; background-repeat: repeat; background-attachment: scroll; background-origin: padding-box; background-clip: border-box; border: 0px; padding: 0px; vertical-align: baseline; pointer-events: auto; line-height: 1.88em; margin-block: 0px; margin-bottom: 0px; text-align: center;\"><span style=\"background-image: none; background-position: 0% 0%; background-size: auto; background-repeat: repeat; background-attachment: scroll; background-origin: padding-box; background-clip: border-box; border: 0px; margin: 0px; padding: 0px; vertical-align: baseline;\"><span style=\"background-image: none; background-position: 0% 0%; background-size: auto; background-repeat: repeat; background-attachment: scroll; background-origin: padding-box; background-clip: border-box; border: 0px; margin: 0px; padding: 0px; vertical-align: baseline; font-size: 18px;\"><span style=\"background-image: none; background-position: 0% 0%; background-size: auto; background-repeat: repeat; background-attachment: scroll; background-origin: padding-box; background-clip: border-box; border: 0px; margin: 0px; padding: 0px; vertical-align: baseline; font-family: bree-w01-thin-oblique, bree-w05-thin-oblique, sans-serif;\">\u00a0<\/span><\/span><\/span><\/p>\t\t\t\t\t\t\t\t<\/div>\n\t\t\t\t<\/div>\n\t\t\t\t<div class=\"elementor-element elementor-element-f55d961 elementor-widget elementor-widget-text-editor\" data-id=\"f55d961\" data-element_type=\"widget\" data-e-type=\"widget\" data-widget_type=\"text-editor.default\">\n\t\t\t\t<div class=\"elementor-widget-container\">\n\t\t\t\t\t\t\t\t\t<div id=\"m_6850208254765811210ydpf96d824ecomp-lzh2rxq5\" dir=\"ltr\">\n<h4><span style=\"font-size: medium;\">Au c\u0153ur de l&#8217;artisanat<\/span><\/h4>\n<\/div>\n<div id=\"m_6850208254765811210ydpf96d824ecomp-lzh2s59o\">\n<p><span style=\"font-size: medium;\">La marque s&#8217;inscrit enti\u00e8rement dans l&#8217;artisanat\u00a0 fran\u00e7ais. C&#8217;est dans le beaujolais que j&#8217;imagine les mod\u00e8les \u00e0 partir de patron con\u00e7us par mes soins.<\/span><\/p>\n<p><span style=\"font-size: medium;\">Ma volont\u00e9 est de cr\u00e9er des articles pour mes clients, compos\u00e9s de mati\u00e8res respectueuses pour la sant\u00e9 en apportant une attention particuli\u00e8re \u00e0 la finition des produits.<\/span><\/p>\n<p><span style=\"font-size: medium;\">Amour du travail bien fait, souci du d\u00e9tail et de la pr\u00e9cision&#8230; des qualit\u00e9s mises au service de la r\u00e9alisation des patrons que je con\u00e7ois.<\/span><\/p>\n<p><span style=\"font-size: medium;\">Tous les articles sont fabriqu\u00e9s artisanalement dans mon atelier avec beaucoup de passion et d&#8217;amour.<\/span><\/p>\n<\/div>\t\t\t\t\t\t\t\t<\/div>\n\t\t\t\t<\/div>\n\t\t\t\t<div class=\"elementor-element elementor-element-68c9918 elementor-widget elementor-widget-image\" data-id=\"68c9918\" data-element_type=\"widget\" data-e-type=\"widget\" data-widget_type=\"image.default\">\n\t\t\t\t<div class=\"elementor-widget-container\">\n\t\t\t\t\t\t\t\t\t\t\t\t\t\t\t<img decoding=\"async\" width=\"960\" height=\"960\" src=\"https:\/\/www.lesateliersandcie.fr\/wp-content\/uploads\/2024\/09\/20230801_150813-Modifier-copie-1024x1024.jpg\" class=\"attachment-large size-large wp-image-136\" alt=\"\" srcset=\"https:\/\/www.lesateliersandcie.fr\/wp-content\/uploads\/2024\/09\/20230801_150813-Modifier-copie-1024x1024.jpg 1024w, https:\/\/www.lesateliersandcie.fr\/wp-content\/uploads\/2024\/09\/20230801_150813-Modifier-copie-300x300.jpg 300w, https:\/\/www.lesateliersandcie.fr\/wp-content\/uploads\/2024\/09\/20230801_150813-Modifier-copie-150x150.jpg 150w, https:\/\/www.lesateliersandcie.fr\/wp-content\/uploads\/2024\/09\/20230801_150813-Modifier-copie-768x768.jpg 768w, https:\/\/www.lesateliersandcie.fr\/wp-content\/uploads\/2024\/09\/20230801_150813-Modifier-copie-1536x1536.jpg 1536w, https:\/\/www.lesateliersandcie.fr\/wp-content\/uploads\/2024\/09\/20230801_150813-Modifier-copie-2048x2048.jpg 2048w, https:\/\/www.lesateliersandcie.fr\/wp-content\/uploads\/2024\/09\/20230801_150813-Modifier-copie-1140x1140.jpg 1140w, https:\/\/www.lesateliersandcie.fr\/wp-content\/uploads\/2024\/09\/20230801_150813-Modifier-copie-75x75.jpg 75w\" sizes=\"(max-width: 960px) 100vw, 960px\" \/>\t\t\t\t\t\t\t\t\t\t\t\t\t\t\t<\/div>\n\t\t\t\t<\/div>\n\t\t\t\t\t<\/div>\n\t\t\t\t<\/div>\n\t\t\t\t<\/div>\n\t\t","protected":false},"excerpt":{"rendered":"<p>Tout commence par une transmission Celle d\u2019une passion, d\u2019un savoir-faire, d\u2019un amour pour le fait main, du sens du d\u00e9tail, de la minutie&#8230; Cette transmission, je la dois \u00e0 ma m\u00e8re, couturi\u00e8re de m\u00e9tier, que j&#8217;ai eu \u00e0 c\u0153ur d&#8217;observer durant toute mon enfance.\u00a0 un tr\u00e9sor que je cultive chaque jour et que j\u2019ai, \u00e0 mon tour, plaisir \u00e0 partager.\u00a0 Vient ensuite le r\u00eave&#8230; celui de pouvoir exercer une activit\u00e9 \u00e9panouissante m\u00ealant cr\u00e9ativit\u00e9 et savoir-faire manuel, dans un objectif de consommer autrement.\u00a0 J&#8217;ai cr\u00e9\u00e9e Fais si, Fais \u00e7a pour petits et grands r\u00eaveurs, avec l&#8217;envie de proposer des cr\u00e9ations uniques et personnalis\u00e9es. Au rythme de mes coups de c\u0153ur et des envies de mes client(e)s, j&#8217;imagine et je confectionne des\u00a0 accessoires pour les Petits et j&#8217;y apporte une attention particuli\u00e8re. Fait main dans mon atelier dans le Rh\u00f4ne.\u00a0 La plupart de mes cr\u00e9ations sont personnalisables, vous pouvez personnaliser votre prot\u00e8ge carnet de sant\u00e9, tout comme une couverture avec le pr\u00e9nom de votre enfant.\u00a0 Pour toutes demandes particuli\u00e8res, n&#8217;h\u00e9sitez pas \u00e0 me contacter. \u00a0 Au c\u0153ur de l&#8217;artisanat La marque s&#8217;inscrit enti\u00e8rement dans l&#8217;artisanat\u00a0 fran\u00e7ais. C&#8217;est dans le beaujolais que j&#8217;imagine les mod\u00e8les \u00e0 partir de patron con\u00e7us par mes soins. Ma volont\u00e9 est de cr\u00e9er des articles pour mes clients, compos\u00e9s de mati\u00e8res respectueuses pour la sant\u00e9 en apportant une attention particuli\u00e8re \u00e0 la finition des produits. Amour du travail bien fait, souci du d\u00e9tail et de la pr\u00e9cision&#8230; des qualit\u00e9s mises au service de la r\u00e9alisation des patrons que je con\u00e7ois. Tous les articles sont fabriqu\u00e9s artisanalement dans mon atelier avec beaucoup de passion et d&#8217;amour.<\/p>\n","protected":false},"author":1,"featured_media":0,"parent":0,"menu_order":0,"comment_status":"closed","ping_status":"closed","template":"","meta":{"footnotes":""},"class_list":["post-187","page","type-page","status-publish","hentry"],"_links":{"self":[{"href":"https:\/\/www.lesateliersandcie.fr\/index.php\/wp-json\/wp\/v2\/pages\/187","targetHints":{"allow":["GET"]}}],"collection":[{"href":"https:\/\/www.lesateliersandcie.fr\/index.php\/wp-json\/wp\/v2\/pages"}],"about":[{"href":"https:\/\/www.lesateliersandcie.fr\/index.php\/wp-json\/wp\/v2\/types\/page"}],"author":[{"embeddable":true,"href":"https:\/\/www.lesateliersandcie.fr\/index.php\/wp-json\/wp\/v2\/users\/1"}],"replies":[{"embeddable":true,"href":"https:\/\/www.lesateliersandcie.fr\/index.php\/wp-json\/wp\/v2\/comments?post=187"}],"version-history":[{"count":6,"href":"https:\/\/www.lesateliersandcie.fr\/index.php\/wp-json\/wp\/v2\/pages\/187\/revisions"}],"predecessor-version":[{"id":197,"href":"https:\/\/www.lesateliersandcie.fr\/index.php\/wp-json\/wp\/v2\/pages\/187\/revisions\/197"}],"wp:attachment":[{"href":"https:\/\/www.lesateliersandcie.fr\/index.php\/wp-json\/wp\/v2\/media?parent=187"}],"curies":[{"name":"wp","href":"https:\/\/api.w.org\/{rel}","templated":true}]}}