{"id":42,"date":"2024-09-11T13:45:42","date_gmt":"2024-09-11T11:45:42","guid":{"rendered":"http:\/\/www.lesateliersandcie.fr\/?page_id=42"},"modified":"2026-03-05T16:31:07","modified_gmt":"2026-03-05T15:31:07","slug":"la-boite-et-son-couvercle","status":"publish","type":"page","link":"https:\/\/www.lesateliersandcie.fr\/index.php\/la-boite-et-son-couvercle\/","title":{"rendered":"LA CERAMIQUE"},"content":{"rendered":"\t\t<div data-elementor-type=\"wp-page\" data-elementor-id=\"42\" class=\"elementor elementor-42\" data-elementor-post-type=\"page\">\n\t\t\t\t<div class=\"elementor-element elementor-element-3f4f6df e-flex e-con-boxed e-con e-parent\" data-id=\"3f4f6df\" data-element_type=\"container\" data-e-type=\"container\">\n\t\t\t\t\t<div class=\"e-con-inner\">\n\t\t<div class=\"elementor-element elementor-element-d6fd191 e-con-full e-flex e-con e-child\" data-id=\"d6fd191\" data-element_type=\"container\" data-e-type=\"container\">\n\t\t\t\t<div class=\"elementor-element elementor-element-a4e81ca elementor-widget elementor-widget-text-editor\" data-id=\"a4e81ca\" data-element_type=\"widget\" data-e-type=\"widget\" data-widget_type=\"text-editor.default\">\n\t\t\t\t<div class=\"elementor-widget-container\">\n\t\t\t\t\t\t\t\t\t<p>J&#8217;ai d\u00e9couvert la c\u00e9ramique lors du initiation et depuis je ne me suis jamais arr\u00eat\u00e9!\u00a0<\/p><p>J&#8217;aime le contact avec la terre, quand la girelle tourne cela devient alors hypnotique, une fa\u00e7on de se rencontrer sur sa vie et d&#8217;oublier les tracas du quotidien.<\/p><p>Je tourne et je mod\u00e8le en gr\u00e8s des pi\u00e8ces utilitaires, de la vaisselle, des boites ou des vases qui sont fait pour vivre avec nous et etre utilis\u00e9!<\/p><p>\u00a0<\/p>\t\t\t\t\t\t\t\t<\/div>\n\t\t\t\t<\/div>\n\t\t\t\t<\/div>\n\t\t<div class=\"elementor-element elementor-element-dcebaa5 e-con-full e-flex e-con e-child\" data-id=\"dcebaa5\" data-element_type=\"container\" data-e-type=\"container\">\n\t\t\t\t<div class=\"elementor-element elementor-element-a627506 elementor-widget elementor-widget-image\" data-id=\"a627506\" data-element_type=\"widget\" data-e-type=\"widget\" data-widget_type=\"image.default\">\n\t\t\t\t<div class=\"elementor-widget-container\">\n\t\t\t\t\t\t\t\t\t\t\t\t\t\t\t<img fetchpriority=\"high\" decoding=\"async\" width=\"960\" height=\"492\" src=\"https:\/\/www.lesateliersandcie.fr\/wp-content\/uploads\/2024\/09\/AdobeStock_216232980-1024x525.jpeg\" class=\"attachment-large size-large wp-image-108\" alt=\"\" srcset=\"https:\/\/www.lesateliersandcie.fr\/wp-content\/uploads\/2024\/09\/AdobeStock_216232980-1024x525.jpeg 1024w, https:\/\/www.lesateliersandcie.fr\/wp-content\/uploads\/2024\/09\/AdobeStock_216232980-300x154.jpeg 300w, https:\/\/www.lesateliersandcie.fr\/wp-content\/uploads\/2024\/09\/AdobeStock_216232980-768x394.jpeg 768w, https:\/\/www.lesateliersandcie.fr\/wp-content\/uploads\/2024\/09\/AdobeStock_216232980-1536x788.jpeg 1536w, https:\/\/www.lesateliersandcie.fr\/wp-content\/uploads\/2024\/09\/AdobeStock_216232980-2048x1050.jpeg 2048w, https:\/\/www.lesateliersandcie.fr\/wp-content\/uploads\/2024\/09\/AdobeStock_216232980-1140x585.jpeg 1140w\" sizes=\"(max-width: 960px) 100vw, 960px\" \/>\t\t\t\t\t\t\t\t\t\t\t\t\t\t\t<\/div>\n\t\t\t\t<\/div>\n\t\t\t\t<\/div>\n\t\t\t\t\t<\/div>\n\t\t\t\t<\/div>\n\t\t<div class=\"elementor-element elementor-element-883f344 e-grid e-con-boxed e-con e-parent\" data-id=\"883f344\" data-element_type=\"container\" data-e-type=\"container\">\n\t\t\t\t\t<div class=\"e-con-inner\">\n\t\t\t\t<div class=\"elementor-element elementor-element-c717227 elementor-widget elementor-widget-shortcode\" data-id=\"c717227\" data-element_type=\"widget\" data-e-type=\"widget\" data-widget_type=\"shortcode.default\">\n\t\t\t\t<div class=\"elementor-widget-container\">\n\t\t\t\t\t\t\t<div class=\"elementor-shortcode\"><iframe id=\"wecandoo-widget\" title=\"Initiez-vous \u00e0 la d\u00e9coration sur c\u00e9ramique avec Fran\u00e7ois - Wecandoo\" width=\"100%\" height=\"600\" src=\"https:\/\/booking.wecandoo.com\/artisans\/dcfbb925-54a7-4bb3-92bd-36b7c7ec44ee\/workshops\/6339136b-8f04-4a38-b540-3d6c9dc858e3\/book\"><\/iframe><\/div>\n\t\t\t\t\t\t<\/div>\n\t\t\t\t<\/div>\n\t\t\t\t<div class=\"elementor-element elementor-element-995ee4a elementor-widget elementor-widget-shortcode\" data-id=\"995ee4a\" data-element_type=\"widget\" data-e-type=\"widget\" data-widget_type=\"shortcode.default\">\n\t\t\t\t<div class=\"elementor-widget-container\">\n\t\t\t\t\t\t\t<div class=\"elementor-shortcode\"><iframe id=\"wecandoo-widget\" title=\"Initiez-vous au tour de potier avec Fran\u00e7ois - Wecandoo\" width=\"100%\" height=\"600\" src=\"https:\/\/booking.wecandoo.com\/artisans\/dcfbb925-54a7-4bb3-92bd-36b7c7ec44ee\/workshops\/4686bd90-5b35-4c1f-a8ec-faa97b3f34eb\/book\"><\/iframe><\/div>\n\t\t\t\t\t\t<\/div>\n\t\t\t\t<\/div>\n\t\t\t\t<div class=\"elementor-element elementor-element-183e1d1 elementor-widget elementor-widget-shortcode\" data-id=\"183e1d1\" data-element_type=\"widget\" data-e-type=\"widget\" data-widget_type=\"shortcode.default\">\n\t\t\t\t<div class=\"elementor-widget-container\">\n\t\t\t\t\t\t\t<div class=\"elementor-shortcode\"><iframe id=\"wecandoo-widget\" title=\"Modelez votre duo de bols chawan - Wecandoo\" width=\"100%\" height=\"600\" src=\"https:\/\/booking.wecandoo.com\/artisans\/dcfbb925-54a7-4bb3-92bd-36b7c7ec44ee\/workshops\/f4253fa0-8f6b-47f2-8403-6f0b53df6acf\/book\"><\/iframe><\/div>\n\t\t\t\t\t\t<\/div>\n\t\t\t\t<\/div>\n\t\t\t\t\t<\/div>\n\t\t\t\t<\/div>\n\t\t<div class=\"elementor-element elementor-element-248dcba e-flex e-con-boxed e-con e-parent\" data-id=\"248dcba\" data-element_type=\"container\" data-e-type=\"container\">\n\t\t\t\t\t<div class=\"e-con-inner\">\n\t\t\t\t\t<\/div>\n\t\t\t\t<\/div>\n\t\t<div class=\"elementor-element elementor-element-9bac232 e-flex e-con-boxed e-con e-parent\" data-id=\"9bac232\" data-element_type=\"container\" data-e-type=\"container\">\n\t\t\t\t\t<div class=\"e-con-inner\">\n\t\t\t\t<div class=\"elementor-element elementor-element-ecb1137 elementor-widget elementor-widget-text-editor\" data-id=\"ecb1137\" data-element_type=\"widget\" data-e-type=\"widget\" data-widget_type=\"text-editor.default\">\n\t\t\t\t<div class=\"elementor-widget-container\">\n\t\t\t\t\t\t\t\t\t<h5><strong>Les<\/strong><em><strong> Cours Hebdomadaires<\/strong><\/em><\/h5><p>2h par semaine venez faire vos armes sur le tour de potier.<\/p><p>Tournage &#8211; Tournage &#8211; Emaillage<\/p><p><em>Quand ?<\/em><\/p><p>Le mardi: 9h30 &#8211; 18h30<\/p><p>Le mercredi: 9h30 &#8211; 15h30 &#8211; 17h30 &#8211; 19H30<\/p><p>Jeudi 16h30<\/p><p><em>Qui?\u00a0<\/em><\/p><p>Cours pour adultes.<\/p><p>Comment?\u00a0<\/p><p>Terre et \u00e9mail fourni<\/p><p>Inscription par trimestre\u00a0<\/p><p><a href=\"https:\/\/forms.gle\/eTjcPZWFwuzctGjt6\">Clique ici!<\/a><\/p>\t\t\t\t\t\t\t\t<\/div>\n\t\t\t\t<\/div>\n\t\t<div class=\"elementor-element elementor-element-3ccf96a e-con-full e-flex e-con e-child\" data-id=\"3ccf96a\" data-element_type=\"container\" data-e-type=\"container\">\n\t\t\t\t<div class=\"elementor-element elementor-element-34ed29d elementor-widget elementor-widget-image\" data-id=\"34ed29d\" data-element_type=\"widget\" data-e-type=\"widget\" data-widget_type=\"image.default\">\n\t\t\t\t<div class=\"elementor-widget-container\">\n\t\t\t\t\t\t\t\t\t\t\t\t\t\t\t<img decoding=\"async\" width=\"960\" height=\"538\" src=\"https:\/\/www.lesateliersandcie.fr\/wp-content\/uploads\/2024\/09\/AdobeStock_801384683-1024x574.jpeg\" class=\"attachment-large size-large wp-image-123\" alt=\"\" srcset=\"https:\/\/www.lesateliersandcie.fr\/wp-content\/uploads\/2024\/09\/AdobeStock_801384683-1024x574.jpeg 1024w, https:\/\/www.lesateliersandcie.fr\/wp-content\/uploads\/2024\/09\/AdobeStock_801384683-300x168.jpeg 300w, https:\/\/www.lesateliersandcie.fr\/wp-content\/uploads\/2024\/09\/AdobeStock_801384683-768x430.jpeg 768w, https:\/\/www.lesateliersandcie.fr\/wp-content\/uploads\/2024\/09\/AdobeStock_801384683-1536x861.jpeg 1536w, https:\/\/www.lesateliersandcie.fr\/wp-content\/uploads\/2024\/09\/AdobeStock_801384683-2048x1148.jpeg 2048w, https:\/\/www.lesateliersandcie.fr\/wp-content\/uploads\/2024\/09\/AdobeStock_801384683-1140x639.jpeg 1140w\" sizes=\"(max-width: 960px) 100vw, 960px\" \/>\t\t\t\t\t\t\t\t\t\t\t\t\t\t\t<\/div>\n\t\t\t\t<\/div>\n\t\t\t\t<\/div>\n\t\t<div class=\"elementor-element elementor-element-83478a7 e-con-full e-flex e-con e-child\" data-id=\"83478a7\" data-element_type=\"container\" data-e-type=\"container\">\n\t\t\t\t<div class=\"elementor-element elementor-element-5d4ed1b elementor-widget elementor-widget-text-editor\" data-id=\"5d4ed1b\" data-element_type=\"widget\" data-e-type=\"widget\" data-widget_type=\"text-editor.default\">\n\t\t\t\t<div class=\"elementor-widget-container\">\n\t\t\t\t\t\t\t\t\t<h6><em><strong>Les Ateliers d&#8217;initiation<\/strong><\/em><\/h6><p>Envie de d\u00e9couvrir la technique du tour de potier? Venez faire un atelier d&#8217;initiation de 2h pour r\u00e9aliser votre duo de tasse au tour ou un duo de bols chawan \u00e0 la main. \u00a0<\/p>\t\t\t\t\t\t\t\t<\/div>\n\t\t\t\t<\/div>\n\t\t\t\t<\/div>\n\t\t\t\t\t<\/div>\n\t\t\t\t<\/div>\n\t\t<div class=\"elementor-element elementor-element-f5699b1 e-flex e-con-boxed e-con e-parent\" data-id=\"f5699b1\" data-element_type=\"container\" data-e-type=\"container\">\n\t\t\t\t\t<div class=\"e-con-inner\">\n\t\t\t\t<div class=\"elementor-element elementor-element-c103721 elementor-widget elementor-widget-google_maps\" data-id=\"c103721\" data-element_type=\"widget\" data-e-type=\"widget\" data-widget_type=\"google_maps.default\">\n\t\t\t\t<div class=\"elementor-widget-container\">\n\t\t\t\t\t\t\t<div class=\"elementor-custom-embed\">\n\t\t\t<iframe loading=\"lazy\"\n\t\t\t\t\tsrc=\"https:\/\/maps.google.com\/maps?q=La%20boite%20et%20son%20couvercle%20159%20route%20de%20LYON&#038;t=m&#038;z=15&#038;output=embed&#038;iwloc=near\"\n\t\t\t\t\ttitle=\"La boite et son couvercle 159 route de LYON\"\n\t\t\t\t\taria-label=\"La boite et son couvercle 159 route de LYON\"\n\t\t\t><\/iframe>\n\t\t<\/div>\n\t\t\t\t\t\t<\/div>\n\t\t\t\t<\/div>\n\t\t\t\t\t<\/div>\n\t\t\t\t<\/div>\n\t\t\t\t<\/div>\n\t\t","protected":false},"excerpt":{"rendered":"<p>J&#8217;ai d\u00e9couvert la c\u00e9ramique lors du initiation et depuis je ne me suis jamais arr\u00eat\u00e9!\u00a0 J&#8217;aime le contact avec la terre, quand la girelle tourne cela devient alors hypnotique, une fa\u00e7on de se rencontrer sur sa vie et d&#8217;oublier les tracas du quotidien. Je tourne et je mod\u00e8le en gr\u00e8s des pi\u00e8ces utilitaires, de la vaisselle, des boites ou des vases qui sont fait pour vivre avec nous et etre utilis\u00e9! \u00a0 Les Cours Hebdomadaires 2h par semaine venez faire vos armes sur le tour de potier. Tournage &#8211; Tournage &#8211; Emaillage Quand ? Le mardi: 9h30 &#8211; 18h30 Le mercredi: 9h30 &#8211; 15h30 &#8211; 17h30 &#8211; 19H30 Jeudi 16h30 Qui?\u00a0 Cours pour adultes. Comment?\u00a0 Terre et \u00e9mail fourni Inscription par trimestre\u00a0 Clique ici! Les Ateliers d&#8217;initiation Envie de d\u00e9couvrir la technique du tour de potier? Venez faire un atelier d&#8217;initiation de 2h pour r\u00e9aliser votre duo de tasse au tour ou un duo de bols chawan \u00e0 la main. \u00a0<\/p>\n","protected":false},"author":1,"featured_media":0,"parent":0,"menu_order":0,"comment_status":"closed","ping_status":"closed","template":"","meta":{"footnotes":""},"class_list":["post-42","page","type-page","status-publish","hentry"],"_links":{"self":[{"href":"https:\/\/www.lesateliersandcie.fr\/index.php\/wp-json\/wp\/v2\/pages\/42","targetHints":{"allow":["GET"]}}],"collection":[{"href":"https:\/\/www.lesateliersandcie.fr\/index.php\/wp-json\/wp\/v2\/pages"}],"about":[{"href":"https:\/\/www.lesateliersandcie.fr\/index.php\/wp-json\/wp\/v2\/types\/page"}],"author":[{"embeddable":true,"href":"https:\/\/www.lesateliersandcie.fr\/index.php\/wp-json\/wp\/v2\/users\/1"}],"replies":[{"embeddable":true,"href":"https:\/\/www.lesateliersandcie.fr\/index.php\/wp-json\/wp\/v2\/comments?post=42"}],"version-history":[{"count":32,"href":"https:\/\/www.lesateliersandcie.fr\/index.php\/wp-json\/wp\/v2\/pages\/42\/revisions"}],"predecessor-version":[{"id":223,"href":"https:\/\/www.lesateliersandcie.fr\/index.php\/wp-json\/wp\/v2\/pages\/42\/revisions\/223"}],"wp:attachment":[{"href":"https:\/\/www.lesateliersandcie.fr\/index.php\/wp-json\/wp\/v2\/media?parent=42"}],"curies":[{"name":"wp","href":"https:\/\/api.w.org\/{rel}","templated":true}]}}